{"id":144,"date":"2026-01-17T14:42:56","date_gmt":"2026-01-17T13:42:56","guid":{"rendered":"https:\/\/www.loree-editions.com\/?post_type=product&#038;p=144"},"modified":"2026-01-30T00:26:29","modified_gmt":"2026-01-29T23:26:29","slug":"tourments-de-vienne","status":"publish","type":"product","link":"https:\/\/www.loree-editions.com\/index.php\/produit\/tourments-de-vienne\/","title":{"rendered":"Tourments de Vienne"},"content":{"rendered":"<p style=\"text-align: left;\">D\u00e9couvrez le coffret de notre premi\u00e8re \u00e9dition \u00ab\u00a0Tourments de Vienne\u00a0\u00bb comprenant une nouvelle \u00e9crite par Vincent Aurez et des g\u00e2teaux inspir\u00e9s de cette nouvelle, cr\u00e9\u00e9s par Hugo Spiesser-Ferrette.<\/p>\n<p>Cette histoire touchante qui vous fera voyager dans la chaleur d&rsquo;un caf\u00e9 viennois, s&rsquo;accompagne de g\u00e2teaux inspir\u00e9s du r\u00e9cit :<\/p>\n<ul>\n<li>G\u00e2teau \u00e0 la cannelle et \u00e0 l&rsquo;abricot : une p\u00e2te parfum\u00e9e \u00e0 la cannelle entourant une p\u00e2te d&rsquo;amande peu sucr\u00e9e et incrust\u00e9e de pralin d&rsquo;amande et de noisette, enveloppant un c\u0153ur r\u00e9confortant de p\u00e2te de fruit \u00e0 l&rsquo;abricot.<\/li>\n<li>G\u00e2teau au cacao, au cassis et \u00e0 la cerise : une p\u00e2te cacaot\u00e9e renfermant une p\u00e2te d&rsquo;amande peu sucr\u00e9e incrust\u00e9e de gru\u00e9 de cacao, enveloppant un c\u0153ur ardent de p\u00e2te de fruit au cassis et \u00e0 la cerise.<\/li>\n<\/ul>\n<p><em>Liste des Ingr\u00e9dients: Farine de <strong>BL\u00c9<\/strong>, p\u00e2te d\u2019<strong>AMANDE<\/strong>, miel, sucre, pur\u00e9e de fruits (abricot, cassis, cerise), glucose, cacao, huile de p\u00e9pins de raisin, gru\u00e9 de cacao, pralin (<strong>AMANDES, NOISETTES<\/strong>), eau, acide citrique, cannelle, pectine, fleur de sel.<\/em><\/p>\n<p>Fabriqu\u00e9 en France<\/p>\n<p>Poids net: 210 g<\/p>\n","protected":false},"excerpt":{"rendered":"<p>Une nouvelle in\u00e9dite accompagn\u00e9e de g\u00e2teaux fondants \u00e0 la cannelle et \u00e0 l&rsquo;abricot et de g\u00e2teaux fondants au cacao, au cassis et \u00e0 la cerise<\/p>\n","protected":false},"featured_media":206,"template":"","meta":[],"product_brand":[],"product_cat":[17],"product_tag":[],"class_list":{"0":"post-144","1":"product","2":"type-product","3":"status-publish","4":"has-post-thumbnail","6":"product_cat-non-classe","7":"product_shipping_class-retrait-sur-place","9":"first","10":"outofstock","11":"taxable","12":"shipping-taxable","13":"purchasable","14":"product-type-simple"},"jetpack_sharing_enabled":true,"_links":{"self":[{"href":"https:\/\/www.loree-editions.com\/index.php\/wp-json\/wp\/v2\/product\/144","targetHints":{"allow":["GET"]}}],"collection":[{"href":"https:\/\/www.loree-editions.com\/index.php\/wp-json\/wp\/v2\/product"}],"about":[{"href":"https:\/\/www.loree-editions.com\/index.php\/wp-json\/wp\/v2\/types\/product"}],"wp:featuredmedia":[{"embeddable":true,"href":"https:\/\/www.loree-editions.com\/index.php\/wp-json\/wp\/v2\/media\/206"}],"wp:attachment":[{"href":"https:\/\/www.loree-editions.com\/index.php\/wp-json\/wp\/v2\/media?parent=144"}],"wp:term":[{"taxonomy":"product_brand","embeddable":true,"href":"https:\/\/www.loree-editions.com\/index.php\/wp-json\/wp\/v2\/product_brand?post=144"},{"taxonomy":"product_cat","embeddable":true,"href":"https:\/\/www.loree-editions.com\/index.php\/wp-json\/wp\/v2\/product_cat?post=144"},{"taxonomy":"product_tag","embeddable":true,"href":"https:\/\/www.loree-editions.com\/index.php\/wp-json\/wp\/v2\/product_tag?post=144"}],"curies":[{"name":"wp","href":"https:\/\/api.w.org\/{rel}","templated":true}]}}