{"id":47,"date":"2026-01-17T13:10:37","date_gmt":"2026-01-17T12:10:37","guid":{"rendered":"https:\/\/www.loree-editions.com\/?page_id=47"},"modified":"2026-01-18T01:28:20","modified_gmt":"2026-01-18T00:28:20","slug":"a-propos","status":"publish","type":"page","link":"http:\/\/www.loree-editions.com\/index.php\/a-propos\/","title":{"rendered":"\u00c0 Propos"},"content":{"rendered":"\n<p>L&rsquo;Or\u00e9e est une maison d&rsquo;\u00e9dition d\u00e9di\u00e9e \u00e0 la promotion de jeunes auteurs et artisans par des cr\u00e9ations communes, \u00e0 la fois litt\u00e9raires et culinaires, \u00e0 lire et \u00e0 savourer.<\/p>\n\n\n\n<p>N\u00e9es d&rsquo;un travail \u00e0 quatre mains, ces \u0153uvres explorent la r\u00e9sonance entre les mots, les mati\u00e8res et les go\u00fbts. Elles invitent le lecteur \u00e0 une exp\u00e9rience incarn\u00e9e, intime et gourmande.<\/p>\n\n\n\n<p>Chacune des parutions prend la forme d&rsquo;un bo\u00eetier comprenant une nouvelle \u00e9crite par un jeune auteur accompagn\u00e9e de cr\u00e9ations culinaires r\u00e9alis\u00e9es par un jeune artisan, travaillant en bin\u00f4me et s&rsquo;inspirant l&rsquo;un de l&rsquo;autre.<\/p>\n\n\n\n<p>Suivez L&rsquo;Or\u00e9e sur <a href=\"https:\/\/www.instagram.com\/loree.editions\/\" target=\"_blank\" rel=\"noreferrer noopener\">Instagram<\/a>.<\/p>\n","protected":false},"excerpt":{"rendered":"<p>L&rsquo;Or\u00e9e est une maison d&rsquo;\u00e9dition d\u00e9di\u00e9e \u00e0 la promotion de jeunes auteurs et artisans par des cr\u00e9ations communes, \u00e0 la fois litt\u00e9raires et culinaires, \u00e0 lire et \u00e0&hellip;<\/p>\n","protected":false},"author":1,"featured_media":0,"parent":0,"menu_order":0,"comment_status":"closed","ping_status":"closed","template":"","meta":{"footnotes":""},"class_list":["post-47","page","type-page","status-publish","has-post-thumbnail","hentry"],"jetpack_sharing_enabled":true,"_links":{"self":[{"href":"http:\/\/www.loree-editions.com\/index.php\/wp-json\/wp\/v2\/pages\/47","targetHints":{"allow":["GET"]}}],"collection":[{"href":"http:\/\/www.loree-editions.com\/index.php\/wp-json\/wp\/v2\/pages"}],"about":[{"href":"http:\/\/www.loree-editions.com\/index.php\/wp-json\/wp\/v2\/types\/page"}],"author":[{"embeddable":true,"href":"http:\/\/www.loree-editions.com\/index.php\/wp-json\/wp\/v2\/users\/1"}],"replies":[{"embeddable":true,"href":"http:\/\/www.loree-editions.com\/index.php\/wp-json\/wp\/v2\/comments?post=47"}],"version-history":[{"count":4,"href":"http:\/\/www.loree-editions.com\/index.php\/wp-json\/wp\/v2\/pages\/47\/revisions"}],"predecessor-version":[{"id":193,"href":"http:\/\/www.loree-editions.com\/index.php\/wp-json\/wp\/v2\/pages\/47\/revisions\/193"}],"wp:attachment":[{"href":"http:\/\/www.loree-editions.com\/index.php\/wp-json\/wp\/v2\/media?parent=47"}],"curies":[{"name":"wp","href":"https:\/\/api.w.org\/{rel}","templated":true}]}}