{"id":45,"date":"2026-01-17T13:10:19","date_gmt":"2026-01-17T12:10:19","guid":{"rendered":"https:\/\/www.loree-editions.com\/?page_id=45"},"modified":"2026-01-27T22:27:15","modified_gmt":"2026-01-27T21:27:15","slug":"les-editions","status":"publish","type":"page","link":"http:\/\/www.loree-editions.com\/index.php\/les-editions\/","title":{"rendered":"\u00c9dition N\u00b01 &#8211; Tourments de Vienne"},"content":{"rendered":"\n<div class=\"wp-block-media-text is-stacked-on-mobile\"><figure class=\"wp-block-media-text__media\"><img loading=\"lazy\" decoding=\"async\" width=\"649\" height=\"1024\" src=\"http:\/\/www.loree-editions.com\/wp-content\/uploads\/2026\/01\/couv_boitier-649x1024.png\" alt=\"\" class=\"wp-image-163 size-full\" srcset=\"http:\/\/www.loree-editions.com\/wp-content\/uploads\/2026\/01\/couv_boitier-649x1024.png 649w, http:\/\/www.loree-editions.com\/wp-content\/uploads\/2026\/01\/couv_boitier-190x300.png 190w, http:\/\/www.loree-editions.com\/wp-content\/uploads\/2026\/01\/couv_boitier-768x1211.png 768w, http:\/\/www.loree-editions.com\/wp-content\/uploads\/2026\/01\/couv_boitier-540x852.png 540w, http:\/\/www.loree-editions.com\/wp-content\/uploads\/2026\/01\/couv_boitier-600x946.png 600w, http:\/\/www.loree-editions.com\/wp-content\/uploads\/2026\/01\/couv_boitier.png 932w\" sizes=\"auto, (max-width: 649px) 100vw, 649px\" \/><\/figure><div class=\"wp-block-media-text__content\">\n<p>\u00c0 Vienne, attabl\u00e9 dans un caf\u00e9 o\u00f9 le temps semble suspendu, un homme \u00e9crit pour retenir ce qui lui \u00e9chappe. Les mots deviennent des points d\u2019ancrage, un objet ancien devient un refuge, tandis que la m\u00e9moire vacille entre le tintement des tasses et le parfum sucr\u00e9 des p\u00e2tisseries. Pourtant, quelque chose en lui r\u00e9siste, demande \u00e0 \u00eatre transmis. Il \u00e9crit \u00e0 la femme qu\u2019il aime, dans un geste ultime qui d\u00e9fie l\u2019effacement.<\/p>\n<\/div><\/div>\n\n\n\n<div class=\"wp-block-media-text has-media-on-the-right\" style=\"grid-template-columns:auto 25%\"><div class=\"wp-block-media-text__content\">\n<p><strong>Auteur: Vincent AUREZ<\/strong><\/p>\n\n\n\n<p class=\"has-small-font-size\"><em>Vincent AUREZ est un romancier et entrepreneur fran\u00e7ais. Ayant une formation \u00e0 Sciences Po Paris et \u00e0 Peking University, il a d\u00e9j\u00e0 publi\u00e9 plusieurs ouvrages sur l&rsquo;\u00e9conomie circulaire et signe pour L&rsquo;Or\u00e9e une premi\u00e8re fiction.<\/em><\/p>\n<\/div><figure class=\"wp-block-media-text__media\"><img loading=\"lazy\" decoding=\"async\" width=\"768\" height=\"1024\" src=\"http:\/\/www.loree-editions.com\/wp-content\/uploads\/2026\/01\/VincentAurez-RondNB-768x1024.png\" alt=\"\" class=\"wp-image-177 size-full\" srcset=\"http:\/\/www.loree-editions.com\/wp-content\/uploads\/2026\/01\/VincentAurez-RondNB-768x1024.png 768w, http:\/\/www.loree-editions.com\/wp-content\/uploads\/2026\/01\/VincentAurez-RondNB-225x300.png 225w, http:\/\/www.loree-editions.com\/wp-content\/uploads\/2026\/01\/VincentAurez-RondNB-1152x1536.png 1152w, http:\/\/www.loree-editions.com\/wp-content\/uploads\/2026\/01\/VincentAurez-RondNB-1536x2048.png 1536w, http:\/\/www.loree-editions.com\/wp-content\/uploads\/2026\/01\/VincentAurez-RondNB-540x720.png 540w, http:\/\/www.loree-editions.com\/wp-content\/uploads\/2026\/01\/VincentAurez-RondNB-1080x1440.png 1080w, http:\/\/www.loree-editions.com\/wp-content\/uploads\/2026\/01\/VincentAurez-RondNB-1980x2640.png 1980w, http:\/\/www.loree-editions.com\/wp-content\/uploads\/2026\/01\/VincentAurez-RondNB-600x800.png 600w, http:\/\/www.loree-editions.com\/wp-content\/uploads\/2026\/01\/VincentAurez-RondNB-scaled.png 1920w\" sizes=\"auto, (max-width: 768px) 100vw, 768px\" \/><\/figure><\/div>\n\n\n\n<div class=\"wp-block-media-text has-media-on-the-right\" style=\"grid-template-columns:auto 25%\"><div class=\"wp-block-media-text__content\">\n<p><strong>Chef P\u00e2tissier : Hugo SPIESSER-FERRETTE<\/strong><\/p>\n\n\n\n<p class=\"has-small-font-size\"><em>Jeune p\u00e2tissier talentueux, Hugo SPIESSER-FERRETTE s&rsquo;illustre par un parcours dans de grandes maisons parisiennes (Le Meurice, C\u00e9dric Grolet, Christophe Michalak, Yann Couvreur&#8230;). Passionn\u00e9 par la cr\u00e9ation et la transmission, ses desserts sont \u00e9l\u00e9gants et audacieux, m\u00ealant technique fran\u00e7aise et inspirations contemporaines.<\/em><\/p>\n<\/div><figure class=\"wp-block-media-text__media\"><img loading=\"lazy\" decoding=\"async\" width=\"768\" height=\"1024\" src=\"https:\/\/www.loree-editions.com\/wp-content\/uploads\/2026\/01\/HugoSF_RondNB-768x1024.png\" alt=\"\" class=\"wp-image-176 size-full\" srcset=\"http:\/\/www.loree-editions.com\/wp-content\/uploads\/2026\/01\/HugoSF_RondNB-768x1024.png 768w, http:\/\/www.loree-editions.com\/wp-content\/uploads\/2026\/01\/HugoSF_RondNB-225x300.png 225w, http:\/\/www.loree-editions.com\/wp-content\/uploads\/2026\/01\/HugoSF_RondNB-1152x1536.png 1152w, http:\/\/www.loree-editions.com\/wp-content\/uploads\/2026\/01\/HugoSF_RondNB-1536x2048.png 1536w, http:\/\/www.loree-editions.com\/wp-content\/uploads\/2026\/01\/HugoSF_RondNB-540x720.png 540w, http:\/\/www.loree-editions.com\/wp-content\/uploads\/2026\/01\/HugoSF_RondNB-1080x1440.png 1080w, http:\/\/www.loree-editions.com\/wp-content\/uploads\/2026\/01\/HugoSF_RondNB-1980x2640.png 1980w, http:\/\/www.loree-editions.com\/wp-content\/uploads\/2026\/01\/HugoSF_RondNB-600x800.png 600w, http:\/\/www.loree-editions.com\/wp-content\/uploads\/2026\/01\/HugoSF_RondNB-scaled.png 1920w\" sizes=\"auto, (max-width: 768px) 100vw, 768px\" \/><\/figure><\/div>\n\n\n\n<p><strong>Date de Parution: 29 Janvier 2026<\/strong><\/p>\n\n\n\n<p>Dans le bo\u00eetier, le livret de la nouvelle \u00ab\u00a0Tourments de Vienne\u00a0\u00bb est accompagn\u00e9 des p\u00e2tisseries cr\u00e9\u00e9es pour le r\u00e9cit. Elles sont pr\u00e9sentes en deux saveurs:<\/p>\n\n\n\n<ul class=\"wp-block-list\">\n<li>G\u00e2teau fondant au cacao, garni d&rsquo;une p\u00e2te d&rsquo;amande peu sucr\u00e9e incrust\u00e9e de gru\u00e9 de cacao qui enveloppe un c\u0153ur ardent de p\u00e2te de fruit au cassis et \u00e0 la cerise.<\/li>\n\n\n\n<li>G\u00e2teau fondant \u00e0 la cannelle, garni d&rsquo;une p\u00e2te d&rsquo;amande peu sucr\u00e9e incrust\u00e9e de pralin qui enveloppe un c\u0153ur r\u00e9confortant de p\u00e2te de fruits \u00e0 l&rsquo;abricot.<\/li>\n<\/ul>\n\n\n\n<figure class=\"wp-block-gallery has-nested-images columns-default is-cropped wp-block-gallery-1 is-layout-flex wp-block-gallery-is-layout-flex\">\n<figure class=\"wp-block-image size-full\"><img loading=\"lazy\" decoding=\"async\" width=\"834\" height=\"1312\" data-id=\"179\" src=\"https:\/\/www.loree-editions.com\/wp-content\/uploads\/2026\/01\/Couv-nouvelle-tourments-de-vienne.png\" alt=\"\" class=\"wp-image-179\" srcset=\"http:\/\/www.loree-editions.com\/wp-content\/uploads\/2026\/01\/Couv-nouvelle-tourments-de-vienne.png 834w, http:\/\/www.loree-editions.com\/wp-content\/uploads\/2026\/01\/Couv-nouvelle-tourments-de-vienne-191x300.png 191w, http:\/\/www.loree-editions.com\/wp-content\/uploads\/2026\/01\/Couv-nouvelle-tourments-de-vienne-651x1024.png 651w, http:\/\/www.loree-editions.com\/wp-content\/uploads\/2026\/01\/Couv-nouvelle-tourments-de-vienne-768x1208.png 768w, http:\/\/www.loree-editions.com\/wp-content\/uploads\/2026\/01\/Couv-nouvelle-tourments-de-vienne-540x849.png 540w, http:\/\/www.loree-editions.com\/wp-content\/uploads\/2026\/01\/Couv-nouvelle-tourments-de-vienne-600x944.png 600w\" sizes=\"auto, (max-width: 834px) 100vw, 834px\" \/><\/figure>\n\n\n\n<figure class=\"wp-block-image size-large\"><img loading=\"lazy\" decoding=\"async\" width=\"1080\" height=\"1350\" data-id=\"55\" src=\"https:\/\/www.loree-editions.com\/wp-content\/uploads\/2026\/01\/TourmentsDeVienne-6Jan26-2.jpg\" alt=\"\" class=\"wp-image-55\" srcset=\"http:\/\/www.loree-editions.com\/wp-content\/uploads\/2026\/01\/TourmentsDeVienne-6Jan26-2.jpg 1080w, http:\/\/www.loree-editions.com\/wp-content\/uploads\/2026\/01\/TourmentsDeVienne-6Jan26-2-600x750.jpg 600w\" sizes=\"auto, (max-width: 1080px) 100vw, 1080px\" \/><\/figure>\n<\/figure>\n\n\n\n<div class=\"wp-block-jetpack-slideshow aligncenter\" data-effect=\"slide\" style=\"--aspect-ratio:calc(1080 \/ 1350)\"><div class=\"wp-block-jetpack-slideshow_container swiper\"><ul class=\"wp-block-jetpack-slideshow_swiper-wrapper swiper-wrapper\"><li class=\"wp-block-jetpack-slideshow_slide swiper-slide\"><figure><img loading=\"lazy\" decoding=\"async\" width=\"1080\" height=\"1350\" alt=\"\" class=\"wp-block-jetpack-slideshow_image wp-image-63\" data-id=\"63\" data-aspect-ratio=\"1080 \/ 1350\" src=\"http:\/\/www.loree-editions.com\/wp-content\/uploads\/2026\/01\/TourmentsDeVienne-6Jan26-5.jpg\" srcset=\"http:\/\/www.loree-editions.com\/wp-content\/uploads\/2026\/01\/TourmentsDeVienne-6Jan26-5.jpg 1080w, http:\/\/www.loree-editions.com\/wp-content\/uploads\/2026\/01\/TourmentsDeVienne-6Jan26-5-600x750.jpg 600w, http:\/\/www.loree-editions.com\/wp-content\/uploads\/2026\/01\/TourmentsDeVienne-6Jan26-5-240x300.jpg 240w, http:\/\/www.loree-editions.com\/wp-content\/uploads\/2026\/01\/TourmentsDeVienne-6Jan26-5-819x1024.jpg 819w, http:\/\/www.loree-editions.com\/wp-content\/uploads\/2026\/01\/TourmentsDeVienne-6Jan26-5-768x960.jpg 768w, http:\/\/www.loree-editions.com\/wp-content\/uploads\/2026\/01\/TourmentsDeVienne-6Jan26-5-540x675.jpg 540w\" sizes=\"(max-width: 1080px) 100vw, 1080px\" \/><\/figure><\/li><li class=\"wp-block-jetpack-slideshow_slide swiper-slide\"><figure><img loading=\"lazy\" decoding=\"async\" width=\"1080\" height=\"1350\" alt=\"\" class=\"wp-block-jetpack-slideshow_image wp-image-61\" data-id=\"61\" data-aspect-ratio=\"1080 \/ 1350\" src=\"http:\/\/www.loree-editions.com\/wp-content\/uploads\/2026\/01\/TourmentsDeVienne-6Jan26-4.jpg\" srcset=\"http:\/\/www.loree-editions.com\/wp-content\/uploads\/2026\/01\/TourmentsDeVienne-6Jan26-4.jpg 1080w, http:\/\/www.loree-editions.com\/wp-content\/uploads\/2026\/01\/TourmentsDeVienne-6Jan26-4-600x750.jpg 600w, http:\/\/www.loree-editions.com\/wp-content\/uploads\/2026\/01\/TourmentsDeVienne-6Jan26-4-240x300.jpg 240w, http:\/\/www.loree-editions.com\/wp-content\/uploads\/2026\/01\/TourmentsDeVienne-6Jan26-4-819x1024.jpg 819w, http:\/\/www.loree-editions.com\/wp-content\/uploads\/2026\/01\/TourmentsDeVienne-6Jan26-4-768x960.jpg 768w, http:\/\/www.loree-editions.com\/wp-content\/uploads\/2026\/01\/TourmentsDeVienne-6Jan26-4-540x675.jpg 540w\" sizes=\"(max-width: 1080px) 100vw, 1080px\" \/><\/figure><\/li><li class=\"wp-block-jetpack-slideshow_slide swiper-slide\"><figure><img loading=\"lazy\" decoding=\"async\" width=\"1080\" height=\"1350\" alt=\"\" class=\"wp-block-jetpack-slideshow_image wp-image-62\" data-id=\"62\" data-aspect-ratio=\"1080 \/ 1350\" src=\"http:\/\/www.loree-editions.com\/wp-content\/uploads\/2026\/01\/TourmentsDeVienne-6Jan26-1.jpg\" srcset=\"http:\/\/www.loree-editions.com\/wp-content\/uploads\/2026\/01\/TourmentsDeVienne-6Jan26-1.jpg 1080w, http:\/\/www.loree-editions.com\/wp-content\/uploads\/2026\/01\/TourmentsDeVienne-6Jan26-1-600x750.jpg 600w, http:\/\/www.loree-editions.com\/wp-content\/uploads\/2026\/01\/TourmentsDeVienne-6Jan26-1-240x300.jpg 240w, http:\/\/www.loree-editions.com\/wp-content\/uploads\/2026\/01\/TourmentsDeVienne-6Jan26-1-819x1024.jpg 819w, http:\/\/www.loree-editions.com\/wp-content\/uploads\/2026\/01\/TourmentsDeVienne-6Jan26-1-768x960.jpg 768w, http:\/\/www.loree-editions.com\/wp-content\/uploads\/2026\/01\/TourmentsDeVienne-6Jan26-1-540x675.jpg 540w\" sizes=\"(max-width: 1080px) 100vw, 1080px\" \/><\/figure><\/li><\/ul><a class=\"wp-block-jetpack-slideshow_button-prev swiper-button-prev swiper-button-white\" role=\"button\"><\/a><a class=\"wp-block-jetpack-slideshow_button-next swiper-button-next swiper-button-white\" role=\"button\"><\/a><a aria-label=\"Pause Slideshow\" class=\"wp-block-jetpack-slideshow_button-pause\" role=\"button\"><\/a><div class=\"wp-block-jetpack-slideshow_pagination swiper-pagination swiper-pagination-white\"><\/div><\/div><\/div>\n\n\n\n<p><\/p>\n\n\n\n<div class=\"wp-block-buttons is-content-justification-center is-layout-flex wp-container-core-buttons-is-layout-16018d1d wp-block-buttons-is-layout-flex\">\n<div class=\"wp-block-button\"><a class=\"wp-block-button__link wp-element-button\" href=\"https:\/\/www.loree-editions.com\/index.php\/produit\/tourments-de-vienne\/\">Commander<\/a><\/div>\n<\/div>\n\n\n\n<p><\/p>\n","protected":false},"excerpt":{"rendered":"<p>\u00c0 Vienne, attabl\u00e9 dans un caf\u00e9 o\u00f9 le temps semble suspendu, un homme \u00e9crit pour retenir ce qui lui \u00e9chappe. Les mots deviennent des points d\u2019ancrage, un objet&hellip;<\/p>\n","protected":false},"author":1,"featured_media":0,"parent":0,"menu_order":0,"comment_status":"closed","ping_status":"closed","template":"","meta":{"footnotes":""},"class_list":["post-45","page","type-page","status-publish","has-post-thumbnail","hentry"],"jetpack_sharing_enabled":true,"_links":{"self":[{"href":"http:\/\/www.loree-editions.com\/index.php\/wp-json\/wp\/v2\/pages\/45","targetHints":{"allow":["GET"]}}],"collection":[{"href":"http:\/\/www.loree-editions.com\/index.php\/wp-json\/wp\/v2\/pages"}],"about":[{"href":"http:\/\/www.loree-editions.com\/index.php\/wp-json\/wp\/v2\/types\/page"}],"author":[{"embeddable":true,"href":"http:\/\/www.loree-editions.com\/index.php\/wp-json\/wp\/v2\/users\/1"}],"replies":[{"embeddable":true,"href":"http:\/\/www.loree-editions.com\/index.php\/wp-json\/wp\/v2\/comments?post=45"}],"version-history":[{"count":13,"href":"http:\/\/www.loree-editions.com\/index.php\/wp-json\/wp\/v2\/pages\/45\/revisions"}],"predecessor-version":[{"id":356,"href":"http:\/\/www.loree-editions.com\/index.php\/wp-json\/wp\/v2\/pages\/45\/revisions\/356"}],"wp:attachment":[{"href":"http:\/\/www.loree-editions.com\/index.php\/wp-json\/wp\/v2\/media?parent=45"}],"curies":[{"name":"wp","href":"https:\/\/api.w.org\/{rel}","templated":true}]}}