{"id":43,"date":"2026-01-17T13:09:28","date_gmt":"2026-01-17T12:09:28","guid":{"rendered":"https:\/\/www.loree-editions.com\/?page_id=43"},"modified":"2026-01-18T16:55:36","modified_gmt":"2026-01-18T15:55:36","slug":"accueil","status":"publish","type":"page","link":"http:\/\/www.loree-editions.com\/","title":{"rendered":"Tourments de Vienne"},"content":{"rendered":"\n<div class=\"wp-block-media-text is-stacked-on-mobile\"><figure class=\"wp-block-media-text__media\"><img loading=\"lazy\" decoding=\"async\" width=\"649\" height=\"1024\" src=\"http:\/\/www.loree-editions.com\/wp-content\/uploads\/2026\/01\/couv_boitier-649x1024.png\" alt=\"\" class=\"wp-image-163 size-full\" srcset=\"http:\/\/www.loree-editions.com\/wp-content\/uploads\/2026\/01\/couv_boitier-649x1024.png 649w, http:\/\/www.loree-editions.com\/wp-content\/uploads\/2026\/01\/couv_boitier-190x300.png 190w, http:\/\/www.loree-editions.com\/wp-content\/uploads\/2026\/01\/couv_boitier-768x1211.png 768w, http:\/\/www.loree-editions.com\/wp-content\/uploads\/2026\/01\/couv_boitier-540x852.png 540w, http:\/\/www.loree-editions.com\/wp-content\/uploads\/2026\/01\/couv_boitier-600x946.png 600w, http:\/\/www.loree-editions.com\/wp-content\/uploads\/2026\/01\/couv_boitier.png 932w\" sizes=\"auto, (max-width: 649px) 100vw, 649px\" \/><\/figure><div class=\"wp-block-media-text__content\">\n<p><em style=\"caret-color: rgb(0, 0, 0); color: rgb(0, 0, 0); white-space: normal;\"><strong>Auteur:<\/strong> Vincent Aure<\/em>z<br><em style=\"caret-color: rgb(0, 0, 0); color: rgb(0, 0, 0); white-space: normal;\"><strong>Chef P\u00e2tissier:<\/strong> Hugo Spiesser-Ferrette<\/em><\/p>\n\n\n\n<p>Attabl\u00e9 dans un caf\u00e9 o\u00f9 le temps semble suspendu, un homme \u00e9crit pour retenir ce qui lui \u00e9chappe. Les mots deviennent des points d\u2019ancrage, un objet ancien devient un refuge, tandis que la m\u00e9moire vacille entre le tintement des tasses et le parfum sucr\u00e9 des p\u00e2tisseries. Pourtant, quelque chose en lui r\u00e9siste, demande \u00e0 \u00eatre transmis. Il \u00e9crit \u00e0 la femme qu\u2019il aime, dans un geste ultime qui d\u00e9fie l\u2019effacement.<\/p>\n<\/div><\/div>\n\n\n\n<p>Date de Parution: 29 Janvier 2026<\/p>\n\n\n\n<p><em><a href=\"https:\/\/www.loree-editions.com\/index.php\/les-editions\/\">En Savoir Plus<\/a><\/em><\/p>\n\n\n\n<div class=\"wp-block-buttons is-content-justification-left is-layout-flex wp-container-core-buttons-is-layout-fdcfc74e wp-block-buttons-is-layout-flex\">\n<div class=\"wp-block-button\"><a class=\"wp-block-button__link wp-element-button\" href=\"https:\/\/www.loree-editions.com\/index.php\/produit\/tourments-de-vienne\/\">Commander<\/a><\/div>\n<\/div>\n\n\n\n<p><\/p>\n","protected":false},"excerpt":{"rendered":"<p>Auteur: Vincent AurezChef P\u00e2tissier: Hugo Spiesser-Ferrette Attabl\u00e9 dans un caf\u00e9 o\u00f9 le temps semble suspendu, un homme \u00e9crit pour retenir ce qui lui \u00e9chappe. Les mots deviennent des&hellip;<\/p>\n","protected":false},"author":1,"featured_media":0,"parent":0,"menu_order":0,"comment_status":"closed","ping_status":"closed","template":"","meta":{"footnotes":""},"class_list":["post-43","page","type-page","status-publish","has-post-thumbnail","hentry"],"jetpack_sharing_enabled":true,"_links":{"self":[{"href":"http:\/\/www.loree-editions.com\/index.php\/wp-json\/wp\/v2\/pages\/43","targetHints":{"allow":["GET"]}}],"collection":[{"href":"http:\/\/www.loree-editions.com\/index.php\/wp-json\/wp\/v2\/pages"}],"about":[{"href":"http:\/\/www.loree-editions.com\/index.php\/wp-json\/wp\/v2\/types\/page"}],"author":[{"embeddable":true,"href":"http:\/\/www.loree-editions.com\/index.php\/wp-json\/wp\/v2\/users\/1"}],"replies":[{"embeddable":true,"href":"http:\/\/www.loree-editions.com\/index.php\/wp-json\/wp\/v2\/comments?post=43"}],"version-history":[{"count":12,"href":"http:\/\/www.loree-editions.com\/index.php\/wp-json\/wp\/v2\/pages\/43\/revisions"}],"predecessor-version":[{"id":243,"href":"http:\/\/www.loree-editions.com\/index.php\/wp-json\/wp\/v2\/pages\/43\/revisions\/243"}],"wp:attachment":[{"href":"http:\/\/www.loree-editions.com\/index.php\/wp-json\/wp\/v2\/media?parent=43"}],"curies":[{"name":"wp","href":"https:\/\/api.w.org\/{rel}","templated":true}]}}