{"id":194,"date":"2026-01-18T01:32:45","date_gmt":"2026-01-18T00:32:45","guid":{"rendered":"https:\/\/www.loree-editions.com\/?page_id=194"},"modified":"2026-01-18T01:34:50","modified_gmt":"2026-01-18T00:34:50","slug":"formulaires-jetpack","status":"publish","type":"page","link":"http:\/\/www.loree-editions.com\/index.php\/formulaires-jetpack\/","title":{"rendered":"Contact"},"content":{"rendered":"<div class=\"wp-block-jetpack-contact-form\"><a href=\"http:\/\/www.loree-editions.com\/index.php\/formulaires-jetpack\/\" target=\"_blank\" rel=\"noopener noreferrer\">Soumettre un formulaire.<\/a><\/div>\n\n\n<p><\/p>\n\n\n\n<p>Adresse postale:<\/p>\n\n\n\n<p class=\"has-small-font-size\">L&rsquo;Or\u00e9e &#8211; Maison d&rsquo;\u00e9dition<br>9 rue de la Com\u00e8te<br>75007 Paris<br>FRANCE<\/p>\n\n\n\n<p><\/p>\n","protected":false},"excerpt":{"rendered":"<p>Adresse postale: L&rsquo;Or\u00e9e &#8211; Maison d&rsquo;\u00e9dition9 rue de la Com\u00e8te75007 ParisFRANCE<\/p>\n","protected":false},"author":1,"featured_media":0,"parent":0,"menu_order":0,"comment_status":"closed","ping_status":"closed","template":"","meta":{"footnotes":""},"class_list":["post-194","page","type-page","status-publish","has-post-thumbnail","hentry"],"jetpack_sharing_enabled":true,"_links":{"self":[{"href":"http:\/\/www.loree-editions.com\/index.php\/wp-json\/wp\/v2\/pages\/194","targetHints":{"allow":["GET"]}}],"collection":[{"href":"http:\/\/www.loree-editions.com\/index.php\/wp-json\/wp\/v2\/pages"}],"about":[{"href":"http:\/\/www.loree-editions.com\/index.php\/wp-json\/wp\/v2\/types\/page"}],"author":[{"embeddable":true,"href":"http:\/\/www.loree-editions.com\/index.php\/wp-json\/wp\/v2\/users\/1"}],"replies":[{"embeddable":true,"href":"http:\/\/www.loree-editions.com\/index.php\/wp-json\/wp\/v2\/comments?post=194"}],"version-history":[{"count":3,"href":"http:\/\/www.loree-editions.com\/index.php\/wp-json\/wp\/v2\/pages\/194\/revisions"}],"predecessor-version":[{"id":197,"href":"http:\/\/www.loree-editions.com\/index.php\/wp-json\/wp\/v2\/pages\/194\/revisions\/197"}],"wp:attachment":[{"href":"http:\/\/www.loree-editions.com\/index.php\/wp-json\/wp\/v2\/media?parent=194"}],"curies":[{"name":"wp","href":"https:\/\/api.w.org\/{rel}","templated":true}]}}